{"id":75960,"date":"2023-03-18T23:19:34","date_gmt":"2023-03-18T21:19:34","guid":{"rendered":"https:\/\/linnamuuseum.ee\/kiek-in-de-kok\/meelelahutus\/"},"modified":"2023-05-03T14:03:42","modified_gmt":"2023-05-03T11:03:42","slug":"meelelahutus","status":"publish","type":"page","link":"https:\/\/www.linnamuuseum.ee\/ru\/kiek-in-de-kok\/meelelahutus\/","title":{"rendered":"\u0420\u0410\u0417\u0412\u041b\u0415\u041a\u0410\u0422\u0415\u041b\u042c\u041d\u042b\u0415 \u041f\u0420\u041e\u0413\u0420\u0410\u041c\u041c\u042b"},"content":{"rendered":"<h2>\u041e\u0411\u0420\u0410\u0417\u041e\u0412\u0410\u0422\u0415\u041b\u042c\u041d\u042b\u0415 \u0418 \u0420\u0410\u0417\u0412\u041b\u0415\u041a\u0410\u0422\u0415\u041b\u042c\u041d\u042b\u0415 \u0418\u0413\u0420\u042b<\/h2>\n<div class=\"entry\">\n<h4><\/h4>\n<h4>\u0418\u0413\u0420\u0410 \u041d\u0410 \u041e\u0420\u0418\u0415\u041d\u0422\u0418\u0420\u041e\u0412\u0410\u041d\u0418\u0415 \u00ab\u041b\u0415\u0413\u0415\u041d\u0414\u042b \u0418 \u0411\u042b\u041b\u0418 \u0422\u0410\u041b\u041b\u0418\u041d\u041d\u0410\u00bb<\/h4>\n<p>\u0423\u0432\u043b\u0435\u043a\u0430\u0442\u0435\u043b\u044c\u043d\u0430\u044f \u0438 \u043e\u0434\u043d\u043e\u0432\u0440\u0435\u043c\u0435\u043d\u043d\u043e \u043e\u0431\u0440\u0430\u0437\u043e\u0432\u0430\u0442\u0435\u043b\u044c\u043d\u0430\u044f \u043a\u043e\u043c\u0430\u043d\u0434\u043d\u0430\u044f \u0438\u0433\u0440\u0430 \u043d\u0430 \u043e\u0440\u0438\u0435\u043d\u0442\u0438\u0440\u043e\u0432\u0430\u043d\u0438\u0435 \u00ab\u041b\u0435\u0433\u0435\u043d\u0434\u044b \u0438 \u0431\u044b\u043b\u0438 \u0422\u0430\u043b\u043b\u0438\u043d\u043d\u0430\u00bb<br \/>\n\u0441\u043e\u0437\u0434\u0430\u043d\u0430 \u0434\u043b\u044f \u0443\u0447\u0435\u043d\u0438\u043a\u043e\u0432 \u0433\u0438\u043c\u043d\u0430\u0437\u0438\u0438 \u0438 \u043e\u0441\u043d\u043e\u0432\u043d\u043e\u0439 \u0448\u043a\u043e\u043b\u044b. \u041f\u043e\u0434\u0445\u043e\u0434\u0438\u0442 \u0442\u0430\u043a\u0436\u0435 \u0434\u043b\u044f \u0432\u0437\u0440\u043e\u0441\u043b\u044b\u0445 \u0432 \u043a\u0430\u0447\u0435\u0441\u0442\u0432\u0435 \u0440\u0430\u0437\u0432\u043b\u0435\u043a\u0430\u044e\u0449\u0435\u0439 \u0438 \u043e\u0441\u0432\u0435\u0436\u0430\u044e\u0449\u0435\u0439 \u0437\u043d\u0430\u043d\u0438\u044f \u043f\u043e \u0438\u0441\u0442\u043e\u0440\u0438\u0438 \u0438\u0433\u0440\u044b.<\/p>\n<div id=\"attachment_50849\" class=\"wp-caption alignright\">\n<p>&nbsp;<\/p>\n<p>&nbsp;<\/p>\n<p>&nbsp;<\/p>\n<p>&nbsp;<\/p>\n<p>&nbsp;<\/p>\n<p>&nbsp;<\/p>\n<p>&nbsp;<\/p>\n<p>&nbsp;<\/p>\n<p>&nbsp;<\/p>\n<p>&nbsp;<\/p>\n<p>&nbsp;<\/p>\n<\/div>\n<p>\u0418\u0433\u0440\u0430 \u043d\u0430 \u043e\u0440\u0438\u0435\u043d\u0442\u0438\u0440\u043e\u0432\u0430\u043d\u0438\u0435 \u0437\u043d\u0430\u043a\u043e\u043c\u0438\u0442 \u0441 \u0438\u0441\u0442\u043e\u0440\u0438\u0447\u0435\u0441\u043a\u0438\u043c\u0438 \u043c\u0435\u0441\u0442\u0430\u043c\u0438 \u0438\u00a0 \u0437\u0434\u0430\u043d\u0438\u044f\u043c\u0438 \u0412\u0435\u0440\u0445\u043d\u0435\u0433\u043e \u0438 \u041d\u0438\u0436\u043d\u0435\u0433\u043e \u0433\u043e\u0440\u043e\u0434\u0430. \u041f\u0430\u0440\u0430\u043b\u043b\u0435\u043b\u044c\u043d\u043e \u0441 \u043e\u0440\u0438\u0435\u043d\u0442\u0438\u0440\u043e\u0432\u0430\u043d\u0438\u0435\u043c \u0432 \u0421\u0442\u0430\u0440\u043e\u043c \u0433\u043e\u0440\u043e\u0434\u0435 \u043f\u043e \u043a\u0430\u0440\u0442\u0435, \u043d\u0435\u043e\u0431\u0445\u043e\u0434\u0438\u043c\u043e \u0442\u0430\u043a\u0436\u0435 \u0440\u0435\u0448\u0430\u0442\u044c \u043d\u0435\u0441\u043b\u043e\u0436\u043d\u044b\u0435 \u0437\u0430\u0434\u0430\u043d\u0438\u044f \u0438\u043b\u0438 \u043e\u0442\u0432\u0435\u0447\u0430\u0442\u044c \u043d\u0430 \u0440\u0430\u0437\u043d\u044b\u0435 \u0432\u043e\u043f\u0440\u043e\u0441\u044b, \u043a\u0430\u043a \u043d\u0430 \u0442\u0435\u043c\u0443 \u0438\u0441\u0442\u043e\u0440\u0438\u0447\u0435\u0441\u043a\u0438\u0445 \u0444\u0430\u043a\u0442\u043e\u0432, \u0442\u0430\u043a \u0438 \u043f\u0440\u043e \u0437\u0430\u0445\u0432\u0430\u0442\u044b\u0432\u0430\u044e\u0449\u0438\u0435 \u043b\u0435\u0433\u0435\u043d\u0434\u044b.<\/p>\n<p>\u0425\u043e\u0440\u043e\u0448\u043e \u043f\u043e\u0434\u0445\u043e\u0434\u0438\u0442 \u0434\u043b\u044f 7-\u0445 \u043a\u043b\u0430\u0441\u0441\u043e\u0432 \u0434\u043b\u044f \u043f\u043e\u0434\u0432\u0435\u0434\u0435\u043d\u0438\u044f \u0438\u0442\u043e\u0433\u043e\u0432 \u0442\u0435\u043c\u044b \u043e \u0433\u043e\u0440\u043e\u0434\u0441\u043a\u043e\u0439 \u0436\u0438\u0437\u043d\u0438.<\/p>\n<p>\u041a\u043e\u043c\u0430\u043d\u0434\u044b \u043d\u0430\u0447\u0438\u043d\u0430\u044e\u0442 \u0438 \u0437\u0430\u043a\u0430\u043d\u0447\u0438\u0432\u0430\u044e\u0442 \u0438\u0433\u0440\u0443 \u0432 \u043e\u0440\u0443\u0436\u0435\u0439\u043d\u043e\u0439 \u0431\u0430\u0448\u043d\u0435 \u041a\u0438\u043a \u0438\u043d \u0434\u0435 \u041a\u0451\u043a.<\/p>\n<p>\u041c\u0430\u043a\u0441\u0438\u043c\u0430\u043b\u044c\u043d\u043e\u0435 \u043a\u043e\u043b\u0438\u0447\u0435\u0441\u0442\u0432\u043e \u0443\u0447\u0430\u0441\u0442\u043d\u0438\u043a\u043e\u0432 30 \u0447\u0435\u043b\u043e\u0432\u0435\u043a.<\/p>\n<p><strong>\u0412\u043e\u0437\u0440\u0430\u0441\u0442<\/strong>: II-III \u0448\u043a\u043e\u043b\u044c\u043d\u0430\u044f \u0441\u0442\u0443\u043f\u0435\u043d\u044c \u0438 \u0433\u0438\u043c\u043d\u0430\u0437\u0438\u044f<\/p>\n<p><strong>\u041f\u0440\u043e\u0434\u043e\u043b\u0436\u0438\u0442\u0435\u043b\u044c\u043d\u043e\u0441\u0442\u044c:<\/strong>\u00a090 \u043c\u0438\u043d\u0443\u0442<\/p>\n<p><strong>\u0421\u0442\u043e\u0438\u043c\u043e\u0441\u0442\u044c: 3\u20ac\/\u0443\u0447\u0430\u0449\u0438\u0439\u0441\u044f.<\/strong><\/p>\n<p>&nbsp;<\/p>\n<\/div>\n<p>&nbsp;<\/p>\n<div class=\"entry\">\n<h4>\u041f\u041e\u0418\u0421\u041a\u041e\u0412\u0410\u042f \u0418\u0413\u0420\u0410 \u00ab\u0421\u0415\u041a\u0420\u0415\u0422\u042b \u041a\u0418\u041a \u0418\u041d \u0414\u0415 \u041a\u0401\u041a\u00bb<\/h4>\n<p>\u041f\u043e\u0438\u0441\u043a\u043e\u0432\u0430\u044f \u0438\u0433\u0440\u0430 \u0437\u043d\u0430\u043a\u043e\u043c\u0438\u0442 \u0441 \u043c\u0443\u0437\u0435\u0435\u043c \u041a\u0438\u043a \u0438\u043d \u0434\u0435 \u041a\u0451\u043a, \u043f\u0430\u0440\u0430\u043b\u043b\u0435\u043b\u044c\u043d\u043e \u0441 \u044d\u0442\u0438\u043c \u043d\u0435\u043e\u0431\u0445\u043e\u0434\u0438\u043c\u043e \u0440\u0435\u0448\u0438\u0442\u044c \u0437\u0430\u0434\u0430\u0447\u0438 \u0438 \u0440\u0430\u0437\u0433\u0430\u0434\u0430\u0442\u044c \u0441\u0435\u043a\u0440\u0435\u0442\u044b \u0438\u0441\u0442\u043e\u0440\u0438\u0438 \u0422\u0430\u043b\u043b\u0438\u043d\u043d\u0430 \u0438 \u041a\u0438\u043a \u0438\u043d \u0434\u0435 \u041a\u0451\u043a. \u0418\u0433\u0440\u0430 \u043f\u043e\u0434\u0445\u043e\u0434\u0438\u0442 \u0434\u043b\u044f \u0443\u0447\u0435\u043d\u0438\u043a\u043e\u0432 \u0441\u0440\u0435\u0434\u043d\u0438\u0445 \u043a\u043b\u0430\u0441\u0441\u043e\u0432.<\/p>\n<p>\u041a\u043e\u043c\u0430\u043d\u0434\u044b \u043d\u0430\u0447\u0438\u043d\u0430\u044e\u0442 \u0438 \u0437\u0430\u043a\u0430\u043d\u0447\u0438\u0432\u0430\u044e\u0442 \u0438\u0433\u0440\u0443 \u0432 \u043e\u0440\u0443\u0436\u0435\u0439\u043d\u043e\u0439 \u0431\u0430\u0448\u043d\u0435 \u041a\u0438\u043a \u0438\u043d \u0434\u0435 \u041a\u0451\u043a.<\/p>\n<p>\u041c\u0430\u043a\u0441\u0438\u043c\u0430\u043b\u044c\u043d\u043e\u0435 \u043a\u043e\u043b\u0438\u0447\u0435\u0441\u0442\u0432\u043e \u0443\u0447\u0430\u0441\u0442\u043d\u0438\u043a\u043e\u0432 30 \u0447\u0435\u043b\u043e\u0432\u0435\u043a.<\/p>\n<p><strong>\u0412\u043e\u0437\u0440\u0430\u0441\u0442<\/strong>: II-III \u0448\u043a\u043e\u043b\u044c\u043d\u0430\u044f \u0441\u0442\u0443\u043f\u0435\u043d\u044c<\/p>\n<p><strong>\u041f\u0440\u043e\u0434\u043e\u043b\u0436\u0438\u0442\u0435\u043b\u044c\u043d\u043e\u0441\u0442\u044c:<\/strong>\u00a060 \u043c\u0438\u043d\u0443\u0442<\/p>\n<p><strong>\u0421\u0442\u043e\u0438\u043c\u043e\u0441\u0442\u044c: 3\u20ac\/\u0443\u0447\u0430\u0449\u0438\u0439\u0441\u044f.<\/strong><\/p>\n<p>&nbsp;<\/p>\n<\/div>\n<p>&nbsp;<\/p>\n<div class=\"entry\">\n<h4>\u041f\u041e\u0418\u0421\u041a\u041e\u0412\u0410\u042f \u0418\u0413\u0420\u0410 \u00ab\u041f\u0423\u0422\u0415\u0428\u0415\u0421\u0422\u0412\u0418\u0415 \u0412\u041e \u0412\u0420\u0415\u041c\u0415\u041d\u0418 \u041f\u041e \u0411\u0410\u0421\u0422\u0418\u041e\u041d\u041d\u042b\u041c \u0425\u041e\u0414\u0410\u041c\u00bb<\/h4>\n<p>\u041f\u043e\u0438\u0441\u043a\u043e\u0432\u0430\u044f \u0438\u0433\u0440\u0430 \u0437\u043d\u0430\u043a\u043e\u043c\u0438\u0442 \u0411\u0430\u0441\u0442\u0438\u043e\u043d\u043d\u044b\u043c\u0438 \u0445\u043e\u0434\u0430\u043c\u0438 \u0438 \u041c\u0443\u0437\u0435\u0435\u043c \u0440\u0435\u0437\u043d\u043e\u0433\u043e \u043a\u0430\u043c\u043d\u044f, \u0432 \u043f\u0440\u043e\u0446\u0435\u0441\u0441\u0435 \u043d\u0430\u0434\u043e \u0431\u0443\u0434\u0435\u0442 \u0440\u0435\u0448\u0430\u0442\u044c \u043a\u0430\u043a \u043f\u0440\u043e\u0441\u0442\u044b\u0435, \u0442\u0430\u043a \u0438 \u0437\u0430\u043a\u043e\u0432\u044b\u0440\u0438\u0441\u0442\u044b\u0435 \u0437\u0430\u0434\u0430\u043d\u0438\u044f, \u043a\u043e\u0442\u043e\u0440\u044b\u0435 \u043f\u043e\u0437\u043d\u0430\u043a\u043e\u043c\u044f\u0442 \u0441 \u0438\u0441\u0442\u043e\u0440\u0438\u0435\u0439 \u0422\u0430\u043b\u043b\u0438\u043d\u043d\u0430 \u043e\u0442 \u0441\u0440\u0435\u0434\u043d\u0438\u0445 \u0432\u0435\u043a\u043e\u0432 \u0434\u043e 20-\u0433\u043e \u0441\u0442\u043e\u043b\u0435\u0442\u0438\u044f.<\/p>\n<p>\u041a\u043e\u043c\u0430\u043d\u0434\u044b \u043d\u0430\u0447\u0438\u043d\u0430\u044e\u0442 \u0438 \u0437\u0430\u043a\u0430\u043d\u0447\u0438\u0432\u0430\u044e\u0442 \u0438\u0433\u0440\u0443 \u0432 \u043e\u0440\u0443\u0436\u0435\u0439\u043d\u043e\u0439 \u0431\u0430\u0448\u043d\u0435 \u041a\u0438\u043a \u0438\u043d \u0434\u0435 \u041a\u0451\u043a.<\/p>\n<div class=\"entry\">\n<p>\u041c\u0430\u043a\u0441\u0438\u043c\u0430\u043b\u044c\u043d\u043e\u0435 \u043a\u043e\u043b\u0438\u0447\u0435\u0441\u0442\u0432\u043e \u0443\u0447\u0430\u0441\u0442\u043d\u0438\u043a\u043e\u0432 30 \u0447\u0435\u043b\u043e\u0432\u0435\u043a.<\/p>\n<p><strong>\u0412\u043e\u0437\u0440\u0430\u0441\u0442<\/strong>: III \u0448\u043a\u043e\u043b\u044c\u043d\u0430\u044f \u0441\u0442\u0443\u043f\u0435\u043d\u044c<\/p>\n<p><strong>\u041f\u0440\u043e\u0434\u043e\u043b\u0436\u0438\u0442\u0435\u043b\u044c\u043d\u043e\u0441\u0442\u044c:<\/strong>\u00a060 \u043c\u0438\u043d\u0443\u0442<\/p>\n<p><strong>\u0421\u0442\u043e\u0438\u043c\u043e\u0441\u0442\u044c: 3\u20ac\/\u0443\u0447\u0430\u0449\u0438\u0439\u0441\u044f.<\/strong><\/p>\n<p>&nbsp;<\/p>\n<\/div>\n<h4>\u0418\u0413\u0420\u0410 \u041d\u0410 \u041e\u0420\u0418\u0415\u041d\u0422\u0418\u0420\u041e\u0412\u0410\u041d\u0418\u0415 \u00ab\u041d\u0415\u0414\u0423\u0413\u0418 \u0418 \u041b\u0415\u041a\u0410\u0420\u0418 \u0412 \u0421\u0422\u0410\u0420\u041e\u041c \u0422\u0410\u041b\u041b\u0418\u041d\u041d\u0415\u00bb<\/h4>\n<p>\u0418\u0433\u0440\u0430 \u043f\u043e\u0434\u0445\u043e\u0434\u0438\u0442 \u0443\u0447\u0435\u043d\u0438\u043a\u0430\u043c \u043d\u0430\u0447\u0438\u043d\u0430\u044f \u0441 7 \u043a\u043b\u0430\u0441\u0441\u0430. \u0412 \u043f\u0440\u043e\u0446\u0435\u0441\u0441\u0435 \u0438\u0433\u0440\u044b \u043c\u043e\u0436\u043d\u043e \u043f\u043e\u0437\u043d\u0430\u043a\u043e\u043c\u0438\u0442\u044c\u0441\u044f \u0441 \u0438\u043d\u0442\u0435\u0440\u0435\u0441\u043d\u044b\u043c\u0438 \u043c\u0435\u0441\u0442\u0430\u043c\u0438 \u0438 \u0444\u0430\u043a\u0442\u0430\u043c\u0438 \u0438\u0437 \u0438\u0441\u0442\u043e\u0440\u0438\u0438 \u0421\u0442\u0430\u0440\u043e\u0433\u043e \u0433\u043e\u0440\u043e\u0434\u0430 \u2014 \u0443\u0437\u043d\u0430\u0442\u044c, \u0433\u0434\u0435 \u043d\u0430\u0445\u043e\u0434\u0438\u0442\u0441\u044f \u0414\u043e\u043c \u0435\u043f\u0438\u0441\u043a\u043e\u043f\u0430, \u0414\u043e\u043c\u0438\u043d\u0438\u043a\u0430\u043d\u0441\u043a\u0438\u0439 \u043c\u043e\u043d\u0430\u0441\u0442\u044b\u0440\u044c, \u0441\u043a\u043e\u043b\u044c\u043a\u043e \u043b\u0435\u0442 \u0438\u0441\u043f\u043e\u043b\u043d\u0438\u043b\u043e\u0441\u044c \u0420\u0430\u0442\u0443\u0448\u043d\u043e\u0439 \u0430\u043f\u0442\u0435\u043a\u0435, \u043a\u0430\u043a\u0430\u044f \u0443\u0436\u0430\u0441\u043d\u0430\u044f \u0431\u043e\u043b\u0435\u0437\u043d\u044c \u0442\u0435\u0440\u0437\u0430\u043b\u0430 \u0436\u0438\u0442\u0435\u043b\u0435\u0439 \u0433\u043e\u0440\u043e\u0434\u0430 \u043c\u043d\u043e\u0433\u0438\u0435 \u0441\u0442\u043e\u043b\u0435\u0442\u0438\u044f, \u0433\u0434\u0435 \u043d\u0430\u0445\u043e\u0434\u0438\u043b\u043e\u0441\u044c \u043a\u043b\u0430\u0434\u0431\u0438\u0449\u0435 \u0441\u0432\u044f\u0442\u043e\u0439 \u0412\u0430\u0440\u0432\u0430\u0440\u044b, \u043a\u0430\u043a\u0438\u0435 \u043b\u0435\u043a\u0430\u0440\u0441\u0442\u0432\u0430 \u043f\u0440\u043e\u0434\u0430\u0432\u0430\u043b\u0438 \u0432 \u0430\u043f\u0442\u0435\u043a\u0435 \u0438 \u043a\u0430\u043a\u0438\u0435 \u043b\u0435\u043a\u0430\u0440\u0441\u0442\u0432\u0435\u043d\u043d\u044b\u0435 \u0442\u0440\u0430\u0432\u044b \u0432\u044b\u0440\u0430\u0449\u0438\u0432\u0430\u043b\u0438 \u0432\u043e\u0437\u043b\u0435 \u0433\u043e\u0440\u043e\u0434\u0441\u043a\u043e\u0439 \u0441\u0442\u0435\u043d\u044b.<\/p>\n<p>\u041a\u043e\u043c\u0430\u043d\u0434\u044b \u043d\u0430\u0447\u0438\u043d\u0430\u044e\u0442 \u0438 \u0437\u0430\u043a\u0430\u043d\u0447\u0438\u0432\u0430\u044e\u0442 \u0438\u0433\u0440\u0443 \u0432 \u043e\u0440\u0443\u0436\u0435\u0439\u043d\u043e\u0439 \u0431\u0430\u0448\u043d\u0435 \u041a\u0438\u043a \u0438\u043d \u0434\u0435 \u041a\u0451\u043a.<\/p>\n<div class=\"entry\">\n<p>\u041c\u0430\u043a\u0441\u0438\u043c\u0430\u043b\u044c\u043d\u043e\u0435 \u043a\u043e\u043b\u0438\u0447\u0435\u0441\u0442\u0432\u043e \u0443\u0447\u0430\u0441\u0442\u043d\u0438\u043a\u043e\u0432 30 \u0447\u0435\u043b\u043e\u0432\u0435\u043a.<\/p>\n<p><strong>\u0412\u043e\u0437\u0440\u0430\u0441\u0442<\/strong>: III \u0448\u043a\u043e\u043b\u044c\u043d\u0430\u044f \u0441\u0442\u0443\u043f\u0435\u043d\u044c \u0438 \u0433\u0438\u043c\u043d\u0430\u0437\u0438\u044f<\/p>\n<p><strong>\u041f\u0440\u043e\u0434\u043e\u043b\u0436\u0438\u0442\u0435\u043b\u044c\u043d\u043e\u0441\u0442\u044c:<\/strong>\u00a090 \u043c\u0438\u043d\u0443\u0442<\/p>\n<p><strong>\u0421\u0442\u043e\u0438\u043c\u043e\u0441\u0442\u044c: 3\u20ac\/\u0443\u0447\u0430\u0449\u0438\u0439\u0441\u044f.<\/strong><\/p>\n<p>&nbsp;<\/p>\n<\/div>\n<\/div>\n<h4><strong>Lauam\u00e4ng \u201cGildenberg\u201d<\/strong><\/h4>\n<p>M\u00e4ng sobib alates 7.eluaastast. \u00d5htu varjus kogunevad Gildenbergi k\u00fcnka kabelisse vennaskondade juhid, et jagada v\u00f5im linnas. Sina oled \u00fcks neist ja p\u00fc\u00fcad keskaegses hansalinnas v\u00f5imu haarata. Selleks kasutatakse gildivendade ja gildidesse mittekuuluvate tegelaste kaarte, et nendega ehitisi h\u00f5ivata. Linnas on kolm \u00fchendust: suurgild ehk kaupmeeste gild, v\u00e4ikegild ehk k\u00e4sit\u00f6\u00f6liste gild ja Mustpeade vennaskond. M\u00e4ngu v\u00f5itja on see m\u00e4ngija, kellel on k\u00f5ige rohkem punkte ehk k\u00f5ige suurem m\u00f5juj\u00f5ud linnas.<\/p>\n<p><strong>Sobilik:<\/strong>\u00a0I-III\u00a0 kooliaste ja g\u00fcmnaasium<br \/>\n<strong>Kestus:\u00a0<\/strong>20-50 min<br \/>\n<strong>Maksumus: 5\u20ac\/\u00f5pilase kohta<br \/>\nOsalejad:<\/strong>\u00a0kuni 25<br \/>\n<strong>Broneering:\u00a0<a href=\"https:\/\/forms.gle\/hqLXJdFAn1LVdYcS9\">SIIN<\/a><\/strong><\/p>\n<p>#aktiiv\u00f5pe #\u00f5ues\u00f5pe #meeskonnat\u00f6\u00f6 #ise\u00f5ppimine<\/p>\n<h4><\/h4>\n<p>&nbsp;<\/p>\n<p>&nbsp;<\/p>\n<p>&nbsp;<\/p>\n<p>&nbsp;<\/p>\n<p>&nbsp;<\/p>\n<p>&nbsp;<\/p>\n<p>&nbsp;<\/p>\n<p>&nbsp;<\/p>\n<p>&nbsp;<\/p>\n","protected":false},"excerpt":{"rendered":"<p>\u041e\u0411\u0420\u0410\u0417\u041e\u0412\u0410\u0422\u0415\u041b\u042c\u041d\u042b\u0415 \u0418 \u0420\u0410\u0417\u0412\u041b\u0415\u041a\u0410\u0422\u0415\u041b\u042c\u041d\u042b\u0415 \u0418\u0413\u0420\u042b \u0418\u0413\u0420\u0410 \u041d\u0410 \u041e\u0420\u0418\u0415\u041d\u0422\u0418\u0420\u041e\u0412\u0410\u041d\u0418\u0415 \u00ab\u041b\u0415\u0413\u0415\u041d\u0414\u042b \u0418 \u0411\u042b\u041b\u0418 \u0422\u0410\u041b\u041b\u0418\u041d\u041d\u0410\u00bb \u0423\u0432\u043b\u0435\u043a\u0430\u0442\u0435\u043b\u044c\u043d\u0430\u044f \u0438 \u043e\u0434\u043d\u043e\u0432\u0440\u0435\u043c\u0435\u043d\u043d\u043e \u043e\u0431\u0440\u0430\u0437\u043e\u0432\u0430\u0442\u0435\u043b\u044c\u043d\u0430\u044f \u043a\u043e\u043c\u0430\u043d\u0434\u043d\u0430\u044f \u0438\u0433\u0440\u0430 \u043d\u0430 \u043e\u0440\u0438\u0435\u043d\u0442\u0438\u0440\u043e\u0432\u0430\u043d\u0438\u0435 \u00ab\u041b\u0435\u0433\u0435\u043d\u0434\u044b \u0438 \u0431\u044b\u043b\u0438 \u0422\u0430\u043b\u043b\u0438\u043d\u043d\u0430\u00bb \u0441\u043e\u0437\u0434\u0430\u043d\u0430 \u0434\u043b\u044f \u0443\u0447\u0435\u043d\u0438\u043a\u043e\u0432 \u0433\u0438\u043c\u043d\u0430\u0437\u0438\u0438 \u0438 \u043e\u0441\u043d\u043e\u0432\u043d\u043e\u0439 \u0448\u043a\u043e\u043b\u044b. \u041f\u043e\u0434\u0445\u043e\u0434\u0438\u0442 \u0442\u0430\u043a\u0436\u0435 \u0434\u043b\u044f \u0432\u0437\u0440\u043e\u0441\u043b\u044b\u0445 \u0432 \u043a\u0430\u0447\u0435\u0441\u0442\u0432\u0435 \u0440\u0430\u0437\u0432\u043b\u0435\u043a\u0430\u044e\u0449\u0435\u0439 \u0438 \u043e\u0441\u0432\u0435\u0436\u0430\u044e\u0449\u0435\u0439 \u0437\u043d\u0430\u043d\u0438\u044f \u043f\u043e \u0438\u0441\u0442\u043e\u0440\u0438\u0438 \u0438\u0433\u0440\u044b. &nbsp; &nbsp; &nbsp; &nbsp; &nbsp; &nbsp; &nbsp; &nbsp; &nbsp; &nbsp; &nbsp; \u0418\u0433\u0440\u0430 [&hellip;]<\/p>\n","protected":false},"author":21,"featured_media":0,"parent":2143,"menu_order":9,"comment_status":"closed","ping_status":"closed","template":"","meta":{"footnotes":""},"class_list":["post-75960","page","type-page","status-publish","hentry"],"_links":{"self":[{"href":"https:\/\/www.linnamuuseum.ee\/ru\/wp-json\/wp\/v2\/pages\/75960"}],"collection":[{"href":"https:\/\/www.linnamuuseum.ee\/ru\/wp-json\/wp\/v2\/pages"}],"about":[{"href":"https:\/\/www.linnamuuseum.ee\/ru\/wp-json\/wp\/v2\/types\/page"}],"author":[{"embeddable":true,"href":"https:\/\/www.linnamuuseum.ee\/ru\/wp-json\/wp\/v2\/users\/21"}],"replies":[{"embeddable":true,"href":"https:\/\/www.linnamuuseum.ee\/ru\/wp-json\/wp\/v2\/comments?post=75960"}],"version-history":[{"count":2,"href":"https:\/\/www.linnamuuseum.ee\/ru\/wp-json\/wp\/v2\/pages\/75960\/revisions"}],"predecessor-version":[{"id":75962,"href":"https:\/\/www.linnamuuseum.ee\/ru\/wp-json\/wp\/v2\/pages\/75960\/revisions\/75962"}],"up":[{"embeddable":true,"href":"https:\/\/www.linnamuuseum.ee\/ru\/wp-json\/wp\/v2\/pages\/2143"}],"wp:attachment":[{"href":"https:\/\/www.linnamuuseum.ee\/ru\/wp-json\/wp\/v2\/media?parent=75960"}],"curies":[{"name":"wp","href":"https:\/\/api.w.org\/{rel}","templated":true}]}}