{"id":4111,"date":"2017-02-02T15:00:34","date_gmt":"2017-02-02T13:00:34","guid":{"rendered":"http:\/\/linnamuuseum.ee\/ru\/?page_id=4111"},"modified":"2026-01-15T12:02:34","modified_gmt":"2026-01-15T10:02:34","slug":"muuseumitunnid-lasteaedadele","status":"publish","type":"page","link":"https:\/\/www.linnamuuseum.ee\/ru\/kalamaja\/obrazovanije\/muuseumitunnid-lasteaedadele\/","title":{"rendered":"Muuseumitunnid ja Kalamaja linnaretked lasteaedadele"},"content":{"rendered":"<p><a class=\"ostabutton\" href=\"https:\/\/lydian.ee\/kalamaja-muuseum\/?group_filter%5B%5D=lasteaed\" target=\"_blank\" rel=\"noopener\">BRONEERIMINE: LASTEAEDADELE<\/a><\/p>\n<p>Tunde ja linnaretki <strong><span style=\"color: #ff0000;\">viime l\u00e4bi ka v\u00e4ljaspool muuseumi lahtiolekuaegasid.<\/span><\/strong><\/p>\n<p><strong>NB! M\u00f5nda tundi saab tellida ka eesti keelt \u00f5ppivatele lastele lihtsamas eesti keeles.<br \/>\nSee v\u00f5imalus on m\u00e4rgitud vastava tunni kirjelduse juurde.<br \/>\nSoov tuleb lisada tunni broneerimisel lisainfo alla.<\/strong><\/p>\n<p><strong>M\u00c4NGUD EESLINNAS<\/strong><\/p>\n<p><strong>Eesm\u00e4rk<\/strong>: tutvuda vana aja m\u00e4ngudega ja Kalamaja lugudega l\u00e4bi m\u00e4ngu<br \/>\n<strong>Sihtr\u00fchm<\/strong>: lasteaed (alates 5.eluaastast), I kooliaste, eesti keele \u00f5ppijad alates II kooliastmest<br \/>\n<strong>Kestus: <\/strong>90 minutit + 15 minutit riietumiseks k\u00fclmemal aastaajal<br \/>\n<strong>M\u00e4rks\u00f5nad<\/strong>: vana aja \u00f5ue- ja toam\u00e4ngud ning m\u00e4nguasjad, keskaegsed m\u00e4ngud, laste elu puitasumis 50, 80 ja 100 aastat tagasi, vana aja laste fotod<br \/>\n<strong>L\u00f5iming<\/strong>: kodulugu, inimese\u00f5petus, eesti keel, liikumis\u00f5petus<br \/>\n<strong>\u00d5pilaste arv grupis<\/strong>: kuni 25<br \/>\n<strong>Hind \u00f5pilase kohta<\/strong>: 8\u20ac<\/p>\n<p>M\u00e4ngulises muuseumitunnis tuleb juttu, mis koht on Kalamaja ja miks seal on oma muuseum; millised asukad on siin elanud ning kuidas, millega ja mida m\u00e4nginud. Soodsa ilmaga leiab tunni esimene pool aset muuseumihoovis, kus m\u00e4ngitakse vanu \u00f5uem\u00e4nge. Vihmase ilmaga m\u00e4ngitakse toas.<br \/>\nTund sobib alates 5. eluaastast ning on kohandatav eri vanuses lastele.<br \/>\n<strong>Seda tundi saab tellida ka eesti keelt \u00f5ppivatele lastele lihtsamas eesti keeles.<\/strong><\/p>\n<p><a class=\"ostabutton\" href=\"https:\/\/lydian.ee\/broneeri\/programmid\/kalamaja-muuseum\/mangud-eeslinnas\/\" target=\"_blank\" rel=\"noopener\">BRONEERIMINE: M\u00c4NGUD EESLINNAS<\/a><\/p>\n<p><img loading=\"lazy\" decoding=\"async\" class=\"alignnone wp-image-85435 size-thumbnail\" src=\"https:\/\/linnamuuseum.ee\/wp-content\/uploads\/2024\/03\/Eeslinna-mangud_kevad-2023_4-180x180.jpg\" alt=\"\" width=\"180\" height=\"180\" srcset=\"https:\/\/www.linnamuuseum.ee\/wp-content\/uploads\/2024\/03\/Eeslinna-mangud_kevad-2023_4-180x180.jpg 180w, https:\/\/www.linnamuuseum.ee\/wp-content\/uploads\/2024\/03\/Eeslinna-mangud_kevad-2023_4-250x250.jpg 250w\" sizes=\"(max-width: 180px) 100vw, 180px\" \/>\u00a0 \u00a0<img loading=\"lazy\" decoding=\"async\" class=\"alignnone size-thumbnail wp-image-85439\" src=\"https:\/\/linnamuuseum.ee\/wp-content\/uploads\/2024\/03\/Eeslinna-mangud_Lauliku-LA_11.11.2021_7-180x180.jpg\" alt=\"\" width=\"180\" height=\"180\" srcset=\"https:\/\/www.linnamuuseum.ee\/wp-content\/uploads\/2024\/03\/Eeslinna-mangud_Lauliku-LA_11.11.2021_7-180x180.jpg 180w, https:\/\/www.linnamuuseum.ee\/wp-content\/uploads\/2024\/03\/Eeslinna-mangud_Lauliku-LA_11.11.2021_7-250x250.jpg 250w\" sizes=\"(max-width: 180px) 100vw, 180px\" \/><\/p>\n<p>&nbsp;<\/p>\n<h4><strong>KALAMAJA LASTETUUR<\/strong><\/h4>\n<p>Soovitame lastetuur tellida aprillis, mais, septembris v\u00f5i oktoobris.<\/p>\n<p><strong>Eesm\u00e4rk<\/strong>: tutvuda m\u00e4ngulisel ja p\u00f5neval viisil \u00fche Tallinna eeslinna loo ning sellega, kuidas ja kus elasid siinsed lapsed 30, 50 ja 80 aastat tagasi<br \/>\n<strong>Sihtgrupp<\/strong>: lasteaed (alates 5. eluaastast), I ja II kooliaste<br \/>\n<strong>Kestus:<\/strong> 90 minutit<br \/>\n<strong>M\u00e4rks\u00f5nad<\/strong>: \u00f5ues\u00f5pe, linnaruum, eeslinn, eluolu vanas agulis, Kalamaja lugu, vanad m\u00e4ngud<br \/>\n<strong>L\u00f5iming<\/strong>: kodulugu, ajalugu, eesti keel, inimese\u00f5petus, liikumis\u00f5petus<br \/>\n<strong>\u00d5pilaste arv grupis<\/strong>: kuni 25<br \/>\n<strong>Hind \u00f5pilase kohta<\/strong>: 8\u20ac<\/p>\n<p>Tutvume m\u00e4ngulisel teel Kalamaja ja Tallinna ajalooga. Kuidas Kalamaja nime sai? Millega on siin piirkonnas tegeletud? Mis iseloomustab Kalamaja arhitektuuri? Milline oli ja on kohalike laste elu?<\/p>\n<p>Tuur algab Kalamaja muuseumist (Kotzebue 16) ning toimub \u00f5ues, palume riietuda vastavalt ilmale. Tuuri k\u00e4igus l\u00e4bitakse Kalamaja t\u00e4navatel umbes 1,5 km.<\/p>\n<p><a class=\"ostabutton\" href=\"https:\/\/lydian.ee\/broneeri\/programmid\/kalamaja-muuseum\/kalamaja-lastetuur\/\" target=\"_blank\" rel=\"noopener\">BRONEERIMINE: KALAMAJA LASTETUUR<\/a><\/p>\n<p><img loading=\"lazy\" decoding=\"async\" class=\"alignnone size-medium wp-image-31696\" src=\"https:\/\/www.linnamuuseum.ee\/wp-content\/uploads\/2019\/08\/Lastetuur_29.04.2019_GAG-2a-67-300x196.jpg\" alt=\"\" width=\"300\" height=\"196\" srcset=\"https:\/\/www.linnamuuseum.ee\/wp-content\/uploads\/2019\/08\/Lastetuur_29.04.2019_GAG-2a-67-300x196.jpg 300w, https:\/\/www.linnamuuseum.ee\/wp-content\/uploads\/2019\/08\/Lastetuur_29.04.2019_GAG-2a-67.jpg 766w\" sizes=\"(max-width: 300px) 100vw, 300px\" \/>\u00a0 \u00a0 <img loading=\"lazy\" decoding=\"async\" class=\"alignnone wp-image-31699\" src=\"https:\/\/www.linnamuuseum.ee\/wp-content\/uploads\/2019\/08\/Lastetuur_29.04.2019_GAG-2a-81-300x187.jpg\" alt=\"\" width=\"316\" height=\"197\" srcset=\"https:\/\/www.linnamuuseum.ee\/wp-content\/uploads\/2019\/08\/Lastetuur_29.04.2019_GAG-2a-81-300x187.jpg 300w, https:\/\/www.linnamuuseum.ee\/wp-content\/uploads\/2019\/08\/Lastetuur_29.04.2019_GAG-2a-81-768x479.jpg 768w, https:\/\/www.linnamuuseum.ee\/wp-content\/uploads\/2019\/08\/Lastetuur_29.04.2019_GAG-2a-81-1024x639.jpg 1024w, https:\/\/www.linnamuuseum.ee\/wp-content\/uploads\/2019\/08\/Lastetuur_29.04.2019_GAG-2a-81.jpg 1500w\" sizes=\"(max-width: 316px) 100vw, 316px\" \/><\/p>\n<h4><strong>KALADEST JA MAJADEST<\/strong><\/h4>\n<p><strong>Eesm\u00e4rk<\/strong>: tutvuda m\u00e4ngu vahendusel Tallinna vanima eeslinna ja tema asukate loo ning muuseumi ekspositsiooniga<br \/>\n<strong>Sihtgrupp<\/strong>: lasteaed (alates 5. eluaastast), I kooliaste<br \/>\n<strong>Kestus:<\/strong> 60 minutit tunni jaoks ning v\u00e4iksematel lastel arvestada riietumiseks juurde 20 minutit<br \/>\n<strong>M\u00e4rks\u00f5nad<\/strong>: linn, vanalinn, eeslinn, puitasumi majade arhitektuur ja eluolu, L\u00e4\u00e4nemere kalad, legend, Vana Toomas, meisterdamine, joonistamine<br \/>\n<strong>L\u00f5iming<\/strong>: kodulugu, ajalugu, loodus\u00f5petus, eesti keel, t\u00f6\u00f6\u00f5petus, kunst<br \/>\n<strong>\u00d5pilaste arv grupis<\/strong>: kuni 25<br \/>\n<strong>Hind \u00f5pilase kohta<\/strong>: 6\u20ac<\/p>\n<p>Ringk\u00e4ik kulgeb m\u00f6\u00f6da muuseumimaja, tutvustades, kes ja kuidas siin vanasti elasid. Mille j\u00e4rgi on Kalamaja nime saanud ning milliseid kalu siinsed kalamehed merest v\u00e4lja p\u00fc\u00fcdnud. Saame tuttavaks Tallinna tuntuima tuulelipu Vana Tooma legendiga, kes on selle vana loo j\u00e4rgi p\u00e4rit Kalamajast. Kujundame paberil talle ka ajastutruudes v\u00f5i hoopiski moodsates v\u00e4rvides kost\u00fc\u00fcmi selga.<\/p>\n<p>Muuseumitund l\u00f5peb umbes 15-minutilise meisterdamisega.<\/p>\n<p>Porisel ja k\u00fclmal aastaajal soovitame v\u00f5tta kaasa vahetusjalan\u00f5ud v\u00f5i soojad sokid.<\/p>\n<p><a class=\"ostabutton\" href=\"https:\/\/lydian.ee\/broneeri\/programmid\/kalamaja-muuseum\/kaladest-ja-majadest\/\" target=\"_blank\" rel=\"noopener\">BRONEERIMINE: KALADEST JA MAJADEST<\/a><\/p>\n<p><img loading=\"lazy\" decoding=\"async\" class=\"alignnone wp-image-56569\" src=\"https:\/\/www.linnamuuseum.ee\/wp-content\/uploads\/2021\/10\/Kalamaja-muuseumitund_15.10.2021_Kalamaja-PK-1.-kl-400x442.jpg\" alt=\"\" width=\"246\" height=\"272\" srcset=\"https:\/\/www.linnamuuseum.ee\/wp-content\/uploads\/2021\/10\/Kalamaja-muuseumitund_15.10.2021_Kalamaja-PK-1.-kl-400x442.jpg 400w, https:\/\/www.linnamuuseum.ee\/wp-content\/uploads\/2021\/10\/Kalamaja-muuseumitund_15.10.2021_Kalamaja-PK-1.-kl-768x850.jpg 768w, https:\/\/www.linnamuuseum.ee\/wp-content\/uploads\/2021\/10\/Kalamaja-muuseumitund_15.10.2021_Kalamaja-PK-1.-kl-870x962.jpg 870w, https:\/\/www.linnamuuseum.ee\/wp-content\/uploads\/2021\/10\/Kalamaja-muuseumitund_15.10.2021_Kalamaja-PK-1.-kl.jpg 904w\" sizes=\"(max-width: 246px) 100vw, 246px\" \/> <img loading=\"lazy\" decoding=\"async\" class=\"alignnone wp-image-56572 size-medium\" src=\"https:\/\/linnamuuseum.ee\/wp-content\/uploads\/2021\/10\/Vana-Toomas-400x272.jpg\" alt=\"\" width=\"400\" height=\"272\" srcset=\"https:\/\/www.linnamuuseum.ee\/wp-content\/uploads\/2021\/10\/Vana-Toomas-400x272.jpg 400w, https:\/\/www.linnamuuseum.ee\/wp-content\/uploads\/2021\/10\/Vana-Toomas-768x522.jpg 768w, https:\/\/www.linnamuuseum.ee\/wp-content\/uploads\/2021\/10\/Vana-Toomas-870x591.jpg 870w, https:\/\/www.linnamuuseum.ee\/wp-content\/uploads\/2021\/10\/Vana-Toomas.jpg 1471w\" sizes=\"(max-width: 400px) 100vw, 400px\" \/><\/p>\n<h4><\/h4>\n<h4><\/h4>\n<p>&nbsp;<\/p>\n<p>&nbsp;<\/p>\n<p>&nbsp;<\/p>\n","protected":false},"excerpt":{"rendered":"<p>BRONEERIMINE: LASTEAEDADELE Tunde ja linnaretki viime l\u00e4bi ka v\u00e4ljaspool muuseumi lahtiolekuaegasid. NB! M\u00f5nda tundi saab tellida ka eesti keelt \u00f5ppivatele lastele lihtsamas eesti keeles. See v\u00f5imalus on m\u00e4rgitud vastava tunni kirjelduse juurde. Soov tuleb lisada tunni broneerimisel lisainfo alla. M\u00c4NGUD EESLINNAS Eesm\u00e4rk: tutvuda vana aja m\u00e4ngudega ja Kalamaja lugudega l\u00e4bi m\u00e4ngu Sihtr\u00fchm: lasteaed (alates 5.eluaastast), [&hellip;]<\/p>\n","protected":false},"author":54,"featured_media":0,"parent":3898,"menu_order":0,"comment_status":"closed","ping_status":"closed","template":"","meta":{"footnotes":""},"class_list":["post-4111","page","type-page","status-publish","hentry"],"_links":{"self":[{"href":"https:\/\/www.linnamuuseum.ee\/ru\/wp-json\/wp\/v2\/pages\/4111"}],"collection":[{"href":"https:\/\/www.linnamuuseum.ee\/ru\/wp-json\/wp\/v2\/pages"}],"about":[{"href":"https:\/\/www.linnamuuseum.ee\/ru\/wp-json\/wp\/v2\/types\/page"}],"author":[{"embeddable":true,"href":"https:\/\/www.linnamuuseum.ee\/ru\/wp-json\/wp\/v2\/users\/54"}],"replies":[{"embeddable":true,"href":"https:\/\/www.linnamuuseum.ee\/ru\/wp-json\/wp\/v2\/comments?post=4111"}],"version-history":[{"count":5,"href":"https:\/\/www.linnamuuseum.ee\/ru\/wp-json\/wp\/v2\/pages\/4111\/revisions"}],"predecessor-version":[{"id":102961,"href":"https:\/\/www.linnamuuseum.ee\/ru\/wp-json\/wp\/v2\/pages\/4111\/revisions\/102961"}],"up":[{"embeddable":true,"href":"https:\/\/www.linnamuuseum.ee\/ru\/wp-json\/wp\/v2\/pages\/3898"}],"wp:attachment":[{"href":"https:\/\/www.linnamuuseum.ee\/ru\/wp-json\/wp\/v2\/media?parent=4111"}],"curies":[{"name":"wp","href":"https:\/\/api.w.org\/{rel}","templated":true}]}}