{"id":4072,"date":"2017-02-27T12:39:14","date_gmt":"2017-02-27T10:39:14","guid":{"rendered":"http:\/\/linnamuuseum.ee\/ru\/?page_id=4072"},"modified":"2018-03-09T14:37:59","modified_gmt":"2018-03-09T12:37:59","slug":"galerii-ru-nt","status":"publish","type":"page","link":"https:\/\/www.linnamuuseum.ee\/ru\/kiek-in-de-kok\/galerii-ru-nt\/","title":{"rendered":"\u0423\u043d\u0438\u043a\u0430\u043b\u044c\u043d\u0430\u044f \u0441\u0440\u0435\u0434\u043d\u0435\u0432\u0435\u043a\u043e\u0432\u0430\u044f \u0431\u0430\u0448\u043d\u044f"},"content":{"rendered":"<ul class=\"row oi-gallery oi-gallery-1\" >\n<li class=\"col-xs-6 col-sm-4 col-md-3\">\n                        <a href=\"https:\/\/www.linnamuuseum.ee\/wp-content\/uploads\/2017\/02\/010-683x1024.jpg\" class=\"gallery-thumb__url\" data-mh=\"gallery\">\n                            <span class=\"gallery-thumb__image card-img-top\"><img loading=\"lazy\" decoding=\"async\" src=\"https:\/\/www.linnamuuseum.ee\/wp-content\/uploads\/2017\/02\/010-250x250.jpg\" alt=\"010\" width=\"250\" height=\"250\" \/><\/span>\n                            <span class=\"gallery-thumb__caption\">Neitsitorn ja Taani Kuninga aed<\/span>\n                        <\/a>\n                    <\/li>\n<li class=\"col-xs-6 col-sm-4 col-md-3\">\n                        <a href=\"https:\/\/www.linnamuuseum.ee\/wp-content\/uploads\/2017\/02\/007-1024x683.jpg\" class=\"gallery-thumb__url\" data-mh=\"gallery\">\n                            <span class=\"gallery-thumb__image card-img-top\"><img loading=\"lazy\" decoding=\"async\" src=\"https:\/\/www.linnamuuseum.ee\/wp-content\/uploads\/2017\/02\/007-250x250.jpg\" alt=\"007\" width=\"250\" height=\"250\" \/><\/span>\n                            <span class=\"gallery-thumb__caption\">Neitsitorn Komandandi aiast Kiek in de K\u00f6kiga<\/span>\n                        <\/a>\n                    <\/li>\n<li class=\"col-xs-6 col-sm-4 col-md-3\">\n                        <a href=\"https:\/\/www.linnamuuseum.ee\/wp-content\/uploads\/2017\/02\/003-1024x683.jpg\" class=\"gallery-thumb__url\" data-mh=\"gallery\">\n                            <span class=\"gallery-thumb__image card-img-top\"><img loading=\"lazy\" decoding=\"async\" src=\"https:\/\/www.linnamuuseum.ee\/wp-content\/uploads\/2017\/02\/003-250x250.jpg\" alt=\"003\" width=\"250\" height=\"250\" \/><\/span>\n                            <span class=\"gallery-thumb__caption\">Maiden Tower from Komandant\u00b4s Garden<\/span>\n                        <\/a>\n                    <\/li>\n<li class=\"col-xs-6 col-sm-4 col-md-3\">\n                        <a href=\"https:\/\/www.linnamuuseum.ee\/wp-content\/uploads\/2017\/02\/1989.jpg\" class=\"gallery-thumb__url\" data-mh=\"gallery\">\n                            <span class=\"gallery-thumb__image card-img-top\"><img loading=\"lazy\" decoding=\"async\" src=\"https:\/\/www.linnamuuseum.ee\/wp-content\/uploads\/2017\/02\/1989-250x250.jpg\" alt=\"1989\" width=\"250\" height=\"250\" \/><\/span>\n                            <span class=\"gallery-thumb__caption\">Muutuste aasta 1989, taamal Neitsitorn<\/span>\n                        <\/a>\n                    <\/li>\n<li class=\"col-xs-6 col-sm-4 col-md-3\">\n                        <a href=\"https:\/\/www.linnamuuseum.ee\/wp-content\/uploads\/2017\/02\/NEITSITORN.jpg\" class=\"gallery-thumb__url\" data-mh=\"gallery\">\n                            <span class=\"gallery-thumb__image card-img-top\"><img loading=\"lazy\" decoding=\"async\" src=\"https:\/\/www.linnamuuseum.ee\/wp-content\/uploads\/2017\/02\/NEITSITORN-250x250.jpg\" alt=\"NEITSITORN\" width=\"250\" height=\"250\" \/><\/span>\n                            <span class=\"gallery-thumb__caption\">Neitsitorni kohvik 1980ndatel<\/span>\n                        <\/a>\n                    <\/li>\n<li class=\"col-xs-6 col-sm-4 col-md-3\">\n                        <a href=\"https:\/\/www.linnamuuseum.ee\/wp-content\/uploads\/2017\/02\/Z3I3178-663x1024.jpg\" class=\"gallery-thumb__url\" data-mh=\"gallery\">\n                            <span class=\"gallery-thumb__image card-img-top\"><img loading=\"lazy\" decoding=\"async\" src=\"https:\/\/www.linnamuuseum.ee\/wp-content\/uploads\/2017\/02\/Z3I3178-250x250.jpg\" alt=\"_Z3I3178\" width=\"250\" height=\"250\" \/><\/span>\n                            \n                        <\/a>\n                    <\/li>\n<li class=\"col-xs-6 col-sm-4 col-md-3\">\n                        <a href=\"https:\/\/www.linnamuuseum.ee\/wp-content\/uploads\/2017\/02\/Z3I3421-1024x678.jpg\" class=\"gallery-thumb__url\" data-mh=\"gallery\">\n                            <span class=\"gallery-thumb__image card-img-top\"><img loading=\"lazy\" decoding=\"async\" src=\"https:\/\/www.linnamuuseum.ee\/wp-content\/uploads\/2017\/02\/Z3I3421-250x250.jpg\" alt=\"_Z3I3421\" width=\"250\" height=\"250\" \/><\/span>\n                            <span class=\"gallery-thumb__caption\">3rd or the Knights\u00b4Floor<\/span>\n                        <\/a>\n                    <\/li>\n<li class=\"col-xs-6 col-sm-4 col-md-3\">\n                        <a href=\"https:\/\/www.linnamuuseum.ee\/wp-content\/uploads\/2017\/01\/vaade-kaitsekaigult1-1024x683.jpg\" class=\"gallery-thumb__url\" data-mh=\"gallery\">\n                            <span class=\"gallery-thumb__image card-img-top\"><img loading=\"lazy\" decoding=\"async\" src=\"https:\/\/www.linnamuuseum.ee\/wp-content\/uploads\/2017\/01\/vaade-kaitsekaigult1-250x250.jpg\" alt=\"\u201cTALLINN PEOPESAL!\u201d LINNA AJALUGU TUNNI AJAGA!   Hommikused erihinnaga ekskursioonid koolidele teisip\u00e4evast reedeni kella 9-11. Neitsitorn-Kiek in de K\u00f6k-Bastionik\u00e4igud-Raidkivimuuseum K\u00d5IK \u00dcHE KORRAGA  \u2013 tutvu linna terviklikumalt ennistatud ajaloolise kaitsekompleksiga, Tallinna linna vanima ja k\u00fclluslikuma kummituste kantsi ning bastionik\u00e4ikudega, sealhulgas seni suletud olnud osaga, kus v\u00e4rskelt avatud Raidkivimuuseum. Alustades Taani kuninga aiast, tutvume linnam\u00fc\u00fcri-pealsete keskaegsete kaitsek\u00e4ikudega ja liigume Kiek in de K\u00f6ki suurt\u00fckitorni, kust laskume maa alla, kindlustuste \u00fchte salap\u00e4rasemasse ossa, bastionik\u00e4ikudesse. Ekskursiooni l\u00f5petab ringk\u00e4ik vastavatud Raidkivimuuseumis. \u00dchendekskursiooni sooduspilet (\u00fcli-)\u00f5pilastele  4.50\u20ac. Kestvus umbes 75 min. Ekskursioonide broneerimine ja lisainfo numbril 6012605 \/ \u00fcldtelefonil 6012751 v\u00f5i e-kirjaga aadressil neitsitorn@linnamuuseum.ee. NEITSITORNI EKSKURSIOON Hommikune ( teisip\u00e4evast- reedeni kella 9-11) erihind \u00f5pilastele 2.50, kestvus umbes 45 min. Teemad: Neitsitorn kui keskaegne kaitseehitis, kuldse hansaaegse Revali s\u00fcmbol, kuulsuste kodu ja kunstnike ateljee, kummituste ja linnalegendide kants ning kultuskohvik. Pakume p\u00f5nevaid ekskursioone Neitsitornis ja sellega k\u00fclgnevatel linnam\u00fc\u00fcri kaitsek\u00e4ikudel, mis annavad hea \u00fclevaate Neitsitorni, naabertornide ja linnakindlustusv\u00f6\u00f6ndi ning ehitiste ajaloost. R\u00fchma minimaalne suurus 10 inimest, kestus ca 1 tund. Kogunemine Neitsitorni kassas. Lisaks eestikeelsele saab tellida ekskursiooni vene, soome v\u00f5i inglise keeles. T\u00e4ispilet   5.00\u20ac, sooduspilet (\u00fcli)\" width=\"250\" height=\"250\" \/><\/span>\n                            \n                        <\/a>\n                    <\/li>\n<\/ul>\n<ul class=\"row oi-gallery oi-gallery-2\" >\n<li class=\"col-xs-6 col-sm-4 col-md-3\">\n                        <a href=\"https:\/\/www.linnamuuseum.ee\/wp-content\/uploads\/2017\/02\/Z3I3615-693x1024.jpg\" class=\"gallery-thumb__url\" data-mh=\"gallery\">\n                            <span class=\"gallery-thumb__image card-img-top\"><img loading=\"lazy\" decoding=\"async\" src=\"https:\/\/www.linnamuuseum.ee\/wp-content\/uploads\/2017\/02\/Z3I3615-250x250.jpg\" alt=\"Magus kaup\" width=\"250\" height=\"250\" \/><\/span>\n                            <span class=\"gallery-thumb__caption\">N\u00e4itus &#171;Magus kaup&#187;<\/span>\n                        <\/a>\n                    <\/li>\n<li class=\"col-xs-6 col-sm-4 col-md-3\">\n                        <a href=\"https:\/\/www.linnamuuseum.ee\/wp-content\/uploads\/2017\/02\/Z3I3356-1024x634.jpg\" class=\"gallery-thumb__url\" data-mh=\"gallery\">\n                            <span class=\"gallery-thumb__image card-img-top\"><img loading=\"lazy\" decoding=\"async\" src=\"https:\/\/www.linnamuuseum.ee\/wp-content\/uploads\/2017\/02\/Z3I3356-250x250.jpg\" alt=\"_Z3I3356\" width=\"250\" height=\"250\" \/><\/span>\n                            <span class=\"gallery-thumb__caption\">N\u00e4itus &#187; Kohtume kohvikus!&#187;<\/span>\n                        <\/a>\n                    <\/li>\n<li class=\"col-xs-6 col-sm-4 col-md-3\">\n                        <a href=\"https:\/\/www.linnamuuseum.ee\/wp-content\/uploads\/2017\/02\/Z3I3405-1024x703.jpg\" class=\"gallery-thumb__url\" data-mh=\"gallery\">\n                            <span class=\"gallery-thumb__image card-img-top\"><img loading=\"lazy\" decoding=\"async\" src=\"https:\/\/www.linnamuuseum.ee\/wp-content\/uploads\/2017\/02\/Z3I3405-250x250.jpg\" alt=\"_Z3I3405\" width=\"250\" height=\"250\" \/><\/span>\n                            <span class=\"gallery-thumb__caption\">N\u00e4itus &#187; Kohtume kohvikus!&#187;<\/span>\n                        <\/a>\n                    <\/li>\n<li class=\"col-xs-6 col-sm-4 col-md-3\">\n                        <a href=\"https:\/\/www.linnamuuseum.ee\/wp-content\/uploads\/2017\/02\/Z3I3408-1024x683.jpg\" class=\"gallery-thumb__url\" data-mh=\"gallery\">\n                            <span class=\"gallery-thumb__image card-img-top\"><img loading=\"lazy\" decoding=\"async\" src=\"https:\/\/www.linnamuuseum.ee\/wp-content\/uploads\/2017\/02\/Z3I3408-250x250.jpg\" alt=\"_Z3I3408\" width=\"250\" height=\"250\" \/><\/span>\n                            <span class=\"gallery-thumb__caption\">N\u00e4itus &#187; Kohtume kohvikus!&#187;<\/span>\n                        <\/a>\n                    <\/li>\n<li class=\"col-xs-6 col-sm-4 col-md-3\">\n                        <a href=\"https:\/\/www.linnamuuseum.ee\/wp-content\/uploads\/2017\/02\/Z3I3421-1024x678.jpg\" class=\"gallery-thumb__url\" data-mh=\"gallery\">\n                            <span class=\"gallery-thumb__image card-img-top\"><img loading=\"lazy\" decoding=\"async\" src=\"https:\/\/www.linnamuuseum.ee\/wp-content\/uploads\/2017\/02\/Z3I3421-250x250.jpg\" alt=\"_Z3I3421\" width=\"250\" height=\"250\" \/><\/span>\n                            <span class=\"gallery-thumb__caption\">3rd or the Knights\u00b4Floor<\/span>\n                        <\/a>\n                    <\/li>\n<li class=\"col-xs-6 col-sm-4 col-md-3\">\n                        <a href=\"https:\/\/www.linnamuuseum.ee\/wp-content\/uploads\/2017\/02\/neitsitorn-1930.jpg\" class=\"gallery-thumb__url\" data-mh=\"gallery\">\n                            <span class=\"gallery-thumb__image card-img-top\"><img loading=\"lazy\" decoding=\"async\" src=\"https:\/\/www.linnamuuseum.ee\/wp-content\/uploads\/2017\/02\/neitsitorn-1930-250x250.jpg\" alt=\"neitsitorn 1930\" width=\"250\" height=\"250\" \/><\/span>\n                            <span class=\"gallery-thumb__caption\">2-Storey House instead of the tower ( 1800-1969)<\/span>\n                        <\/a>\n                    <\/li>\n<li class=\"col-xs-6 col-sm-4 col-md-3\">\n                        <a href=\"https:\/\/www.linnamuuseum.ee\/wp-content\/uploads\/2017\/02\/IMG_0005-738x1024.jpg\" class=\"gallery-thumb__url\" data-mh=\"gallery\">\n                            <span class=\"gallery-thumb__image card-img-top\"><img loading=\"lazy\" decoding=\"async\" src=\"https:\/\/www.linnamuuseum.ee\/wp-content\/uploads\/2017\/02\/IMG_0005-250x250.jpg\" alt=\"IMG_0005\" width=\"250\" height=\"250\" \/><\/span>\n                            <span class=\"gallery-thumb__caption\">Lapsed m\u00e4ngivad palli 1935.a.<\/span>\n                        <\/a>\n                    <\/li>\n<li class=\"col-xs-6 col-sm-4 col-md-3\">\n                        <a href=\"https:\/\/www.linnamuuseum.ee\/wp-content\/uploads\/2017\/02\/DSC_0039-e1487763365417-576x1024.jpg\" class=\"gallery-thumb__url\" data-mh=\"gallery\">\n                            <span class=\"gallery-thumb__image card-img-top\"><img loading=\"lazy\" decoding=\"async\" src=\"https:\/\/www.linnamuuseum.ee\/wp-content\/uploads\/2017\/02\/DSC_0039-e1487763365417-250x250.jpg\" alt=\"DSC_0039\" width=\"250\" height=\"250\" \/><\/span>\n                            <span class=\"gallery-thumb__caption\">Wall walk to Maiden Tower<\/span>\n                        <\/a>\n                    <\/li>\n<li class=\"col-xs-6 col-sm-4 col-md-3\">\n                        <a href=\"https:\/\/www.linnamuuseum.ee\/wp-content\/uploads\/2017\/02\/Z3I3276-1024x659.jpg\" class=\"gallery-thumb__url\" data-mh=\"gallery\">\n                            <span class=\"gallery-thumb__image card-img-top\"><img loading=\"lazy\" decoding=\"async\" src=\"https:\/\/www.linnamuuseum.ee\/wp-content\/uploads\/2017\/02\/Z3I3276-250x250.jpg\" alt=\"_Z3I3276\" width=\"250\" height=\"250\" \/><\/span>\n                            <span class=\"gallery-thumb__caption\">N\u00e4itus &#187; Kohtume kohvikus!&#187;<\/span>\n                        <\/a>\n                    <\/li>\n<li class=\"col-xs-6 col-sm-4 col-md-3\">\n                        <a href=\"https:\/\/www.linnamuuseum.ee\/wp-content\/uploads\/2017\/02\/Z3I3208-1024x683.jpg\" class=\"gallery-thumb__url\" data-mh=\"gallery\">\n                            <span class=\"gallery-thumb__image card-img-top\"><img loading=\"lazy\" decoding=\"async\" src=\"https:\/\/www.linnamuuseum.ee\/wp-content\/uploads\/2017\/02\/Z3I3208-250x250.jpg\" alt=\"_Z3I3208\" width=\"250\" height=\"250\" \/><\/span>\n                            <span class=\"gallery-thumb__caption\">Let`s meet at Cafe!<\/span>\n                        <\/a>\n                    <\/li>\n<li class=\"col-xs-6 col-sm-4 col-md-3\">\n                        <a href=\"https:\/\/www.linnamuuseum.ee\/wp-content\/uploads\/2017\/02\/Z3I3193-1024x683.jpg\" class=\"gallery-thumb__url\" data-mh=\"gallery\">\n                            <span class=\"gallery-thumb__image card-img-top\"><img loading=\"lazy\" decoding=\"async\" src=\"https:\/\/www.linnamuuseum.ee\/wp-content\/uploads\/2017\/02\/Z3I3193-250x250.jpg\" alt=\"_Z3I3193\" width=\"250\" height=\"250\" \/><\/span>\n                            <span class=\"gallery-thumb__caption\">R\u00fc\u00fctlikorrusel<\/span>\n                        <\/a>\n                    <\/li>\n<li class=\"col-xs-6 col-sm-4 col-md-3\">\n                        <a href=\"https:\/\/www.linnamuuseum.ee\/wp-content\/uploads\/2017\/02\/Z3I3182-683x1024.jpg\" class=\"gallery-thumb__url\" data-mh=\"gallery\">\n                            <span class=\"gallery-thumb__image card-img-top\"><img loading=\"lazy\" decoding=\"async\" src=\"https:\/\/www.linnamuuseum.ee\/wp-content\/uploads\/2017\/02\/Z3I3182-250x250.jpg\" alt=\"_Z3I3182\" width=\"250\" height=\"250\" \/><\/span>\n                            <span class=\"gallery-thumb__caption\">The cuirassier\u2019s armor (17c)<\/span>\n                        <\/a>\n                    <\/li>\n<li class=\"col-xs-6 col-sm-4 col-md-3\">\n                        <a href=\"https:\/\/www.linnamuuseum.ee\/wp-content\/uploads\/2017\/02\/IMG_0746.jpg\" class=\"gallery-thumb__url\" data-mh=\"gallery\">\n                            <span class=\"gallery-thumb__image card-img-top\"><img loading=\"lazy\" decoding=\"async\" src=\"https:\/\/www.linnamuuseum.ee\/wp-content\/uploads\/2017\/02\/IMG_0746-250x250.jpg\" alt=\"Ewert and the Two Dragons\" width=\"250\" height=\"250\" \/><\/span>\n                            <span class=\"gallery-thumb__caption\">Ewert and the Two Dragons Neitsitornis<\/span>\n                        <\/a>\n                    <\/li>\n<li class=\"col-xs-6 col-sm-4 col-md-3\">\n                        <a href=\"https:\/\/www.linnamuuseum.ee\/wp-content\/uploads\/2017\/02\/vaade-1024x635.jpg\" class=\"gallery-thumb__url\" data-mh=\"gallery\">\n                            <span class=\"gallery-thumb__image card-img-top\"><img loading=\"lazy\" decoding=\"async\" src=\"https:\/\/www.linnamuuseum.ee\/wp-content\/uploads\/2017\/02\/vaade-250x250.jpg\" alt=\"Vaade Neitsikorruselt\" width=\"250\" height=\"250\" \/><\/span>\n                            <span class=\"gallery-thumb__caption\">Vaade Neitsikorruselt<\/span>\n                        <\/a>\n                    <\/li>\n<li class=\"col-xs-6 col-sm-4 col-md-3\">\n                        <a href=\"https:\/\/www.linnamuuseum.ee\/wp-content\/uploads\/2017\/02\/fm151078-1024x723.jpg\" class=\"gallery-thumb__url\" data-mh=\"gallery\">\n                            <span class=\"gallery-thumb__image card-img-top\"><img loading=\"lazy\" decoding=\"async\" src=\"https:\/\/www.linnamuuseum.ee\/wp-content\/uploads\/2017\/02\/fm151078-250x250.jpg\" alt=\"C.A von Winkler (1909)\" width=\"250\" height=\"250\" \/><\/span>\n                            <span class=\"gallery-thumb__caption\">C. A. von Winkleri akvarell kodu\u00f5uelt (1909, fotokoopia)<\/span>\n                        <\/a>\n                    <\/li>\n<\/ul>\n","protected":false},"excerpt":{"rendered":"","protected":false},"author":13,"featured_media":0,"parent":2143,"menu_order":14,"comment_status":"closed","ping_status":"closed","template":"","meta":{"footnotes":""},"class_list":["post-4072","page","type-page","status-publish","hentry"],"_links":{"self":[{"href":"https:\/\/www.linnamuuseum.ee\/ru\/wp-json\/wp\/v2\/pages\/4072"}],"collection":[{"href":"https:\/\/www.linnamuuseum.ee\/ru\/wp-json\/wp\/v2\/pages"}],"about":[{"href":"https:\/\/www.linnamuuseum.ee\/ru\/wp-json\/wp\/v2\/types\/page"}],"author":[{"embeddable":true,"href":"https:\/\/www.linnamuuseum.ee\/ru\/wp-json\/wp\/v2\/users\/13"}],"replies":[{"embeddable":true,"href":"https:\/\/www.linnamuuseum.ee\/ru\/wp-json\/wp\/v2\/comments?post=4072"}],"version-history":[{"count":5,"href":"https:\/\/www.linnamuuseum.ee\/ru\/wp-json\/wp\/v2\/pages\/4072\/revisions"}],"predecessor-version":[{"id":17249,"href":"https:\/\/www.linnamuuseum.ee\/ru\/wp-json\/wp\/v2\/pages\/4072\/revisions\/17249"}],"up":[{"embeddable":true,"href":"https:\/\/www.linnamuuseum.ee\/ru\/wp-json\/wp\/v2\/pages\/2143"}],"wp:attachment":[{"href":"https:\/\/www.linnamuuseum.ee\/ru\/wp-json\/wp\/v2\/media?parent=4072"}],"curies":[{"name":"wp","href":"https:\/\/api.w.org\/{rel}","templated":true}]}}