{"id":58134,"date":"2016-11-03T16:32:04","date_gmt":"2016-11-03T14:32:04","guid":{"rendered":"https:\/\/linnamuuseum.ee\/kalamaja\/haridus-lm\/"},"modified":"2026-01-15T11:44:01","modified_gmt":"2026-01-15T09:44:01","slug":"haridus-lm","status":"publish","type":"page","link":"https:\/\/www.linnamuuseum.ee\/en\/kalamaja\/haridus-lm\/","title":{"rendered":"Education"},"content":{"rendered":"<p><img loading=\"lazy\" decoding=\"async\" class=\"size-medium wp-image-45883 alignright\" src=\"https:\/\/www.linnamuuseum.ee\/wp-content\/uploads\/2020\/10\/Kalamaja-v%C3%A4lin%C3%A4ituse-2020-tuur_18-21-400x300.jpg\" sizes=\"(max-width: 400px) 100vw, 400px\" srcset=\"https:\/\/www.linnamuuseum.ee\/wp-content\/uploads\/2020\/10\/Kalamaja-v\u00e4lin\u00e4ituse-2020-tuur_18-21-400x300.jpg 400w, https:\/\/www.linnamuuseum.ee\/wp-content\/uploads\/2020\/10\/Kalamaja-v\u00e4lin\u00e4ituse-2020-tuur_18-21-768x576.jpg 768w, https:\/\/www.linnamuuseum.ee\/wp-content\/uploads\/2020\/10\/Kalamaja-v\u00e4lin\u00e4ituse-2020-tuur_18-21.jpg 800w\" alt=\"\" width=\"400\" height=\"300\" \/><a href=\"http:\/\/linnamuuseum.ee\/kalamaja-miiamilla\/haridus-lm\/muuseumitunnid-koolidele-lm\/\"><strong>KALAMAJA MUSEUM CLASSES AND<\/strong><\/a> <a href=\"http:\/\/linnamuuseum.ee\/kalamaja-miiamilla\/haridus-lm\/muuseumitunnid-koolidele-lm\/\"><strong>GUIDED TOURS FOR SCHOOLS<\/strong><\/a><\/p>\n<p><a href=\"http:\/\/linnamuuseum.ee\/kalamaja-miiamilla\/haridus-lm\/muuseumitunnid-lasteaedadele\/\"><strong>GUIDED TOURS OF KALAMAJA FOR KINDERGARTENS<\/strong><\/a><\/p>\n<p><strong>Book a fun tour of the museum or through the streets of Kalamaja for a group of children or adults to celebrate any special day!<\/strong><\/p>\n<p><strong>Booking:<br \/>\n<\/strong><a href=\"mailto:kalamaja@linnamuuseum.ee\"><strong>kalamaja@linnamuuseum.ee<\/strong><\/a><strong><br \/>\nPhone: +372 5309 9772<br \/>\n<span style=\"color: #ff0000;\">Museum lessons are also offered outside of the museum&#8217;s regular opening hours.<\/span><\/strong><\/p>\n<p><strong>We offer itineraries for different routes and themes:<\/strong><\/p>\n<h2>FOR CHILDREN AND FAMILIES<\/h2>\n<p>About Fishes and Houses<br \/>\nKalamaja Children\u2019s Tour<br \/>\nKalamaja Tour of Urban Fauna<br \/>\nKalamaja Ghost Tour (with lanterns if desired)<\/p>\n<p>Group size \u2013 maximum of 25 children, adult chaperones free of charge<br \/>\nLarger groups \u2013 by arrangement<br \/>\n<strong>Price: 6 euros per participant<\/strong><\/p>\n<p><strong>If you book at least three museum classes in different branches of the Tallinn City Museum for the same class\/group at the same time during one school year, the price for each museum class is 4 euros per participant.<br \/>\nThe discount is based on a visitor card, which you can obtain from the museum\u2019s cash desk during the first hour.<br \/>\nPlease note! You must carry the visitor card with you on each visit.<\/strong><\/p>\n<h4><strong>About Fishes and Houses<\/strong><\/h4>\n<p>The tour takes you around the museum house, telling the story of the inhabitants and the houses of Tallinn\u2019s oldest suburb.<br \/>\nWe will see how we feel about the fish in our sea and see if we dare to taste any of them. We will also see when and why Kalamaja started to turn into a densely populated suburb from a village. We will get acquainted with the legend of Old Thomas, Tallinn\u2019s most famous weathervane, and design a paper costume for him, either in realistic or fashionable colours.<\/p>\n<h4><strong>Kalamaja Children\u2019s Tour<\/strong><\/h4>\n<p>introduces the history of Kalamaja and Tallinn in a playful way.<br \/>\nHow was Kalamaja named? What activities have occurred in this area?<br \/>\nWhat characterises the architecture of Kalamaja? What was and is life like for local children?<br \/>\nThe tour starts in front of Kalamaja Museum, 16 Kotzebue Street.<br \/>\nThe tour is suitable for the whole family and lasts about 1.5 hours.<\/p>\n<h4><strong>Kalamaja Tour of Urban Fauna<\/strong><\/h4>\n<p>The aim is to get to know, appreciate and care for the urban nature around us.<br \/>\nKeywords: outdoor education, urban nature, animals in the city, nature conservation, environmental awareness<br \/>\nWhich animals and birds live in Kalamaja (and Tallinn)?<br \/>\nDo we know the animals and birds living in our garden?<br \/>\nIs Kalamaja a good place for urban nature and how can we preserve the nature of our city?<br \/>\nThe tour starts in front of Kalamaja Museum, 16 Kotzebue Street.<br \/>\nThe tour is suitable for the whole family and lasts about 1.5 hours.<\/p>\n<h4><strong>Kalamaja Ghost Tour<\/strong><\/h4>\n<p>Are there ghosts in Kalamaja? What are the scariest and creepiest places?<br \/>\nWhat stories and legends come from and are related to Kalamaja?<br \/>\nMany true ghost stories have been told by the elderly residents of Kalamaja.<br \/>\nStart in front of Kalamaja Museum, 16\u00a0Kotzebue Street, ends at Kalamaja Cemetery Park.<br \/>\nThe tour is suitable for the whole family and lasts about 1.5 hours.<\/p>\n<h2>FOR ADULTS<\/h2>\n<p><strong>City Tour of the Lost Fragments of Kalamaja<br \/>\nKalamaja Ghost Tour (with lanterns if desired)<br \/>\nKalamaja in 1927<\/strong><\/p>\n<p><strong>Price: Adults 12 euros, Concessions 10 euros, Family ticket 20 euros<br \/>\nGroup size up to 20 people.<br \/>\nLarger groups \u2013 by arrangement<\/strong><\/p>\n<p><strong>Booking:<br \/>\n<\/strong><strong>kalamaja@linnamuuseum.ee<\/strong><strong><br \/>\nPhone: +372 5309 9772\u00a0<\/strong><\/p>\n<h4><strong>City Tour of the Lost Fragments of Kalamaja<\/strong><\/h4>\n<p>Follows the locations of the outdoor photo stands at the following addresses: Vana-Kalamaja 7, Malmi 8, Valgevase 14, Kalju 7, Kalju 2\/Soo 31, Soo 42, Uus-Kalamaja 9, Kungla 53, Noole 5, K\u00f6ie 5, K\u00f6ie 1a, Soo 11. Stands at Kungla 13 and T\u00f5llu 7 can be discovered later independently.<br \/>\nYou can hear stories shared with the museum about local life and events, both in the pre-war republic and during the Soviet era.<br \/>\nYou will also be able to see photos from family albums that could not be included in the exhibition.<br \/>\nThe tour starts in front of Kalamaja Museum, 16 Kotzebue Street.<br \/>\nThe tour is suitable for the whole family and lasts 1.5-2 hours<\/p>\n<h4><strong>Kalamaja Ghost Tour<\/strong><\/h4>\n<p>Are there ghosts in Kalamaja? What are the scariest and creepiest places?<br \/>\nWhat stories and legends come from and are related to Kalamaja?<br \/>\nMany true ghost stories have been told by the elderly residents of Kalamaja.<br \/>\nStart in front of Kalamaja Museum, 16\u00a0Kotzebue Street, ends at Kalamaja Cemetery Park.<br \/>\nThe tour is suitable for the whole family and lasts about 1.5 hours.<\/p>\n<h4><strong>Kalamaja in 1927<\/strong><\/h4>\n<p>On our city tour, we head to the streets of Kalamaja along the paths of last autumn\u2019s outdoor exhibition \u201cWhere Even Sunrays Will Not Reach\u201d.<br \/>\nWe take a look at photojournalist Hans Soosaar\u2019s series of images of the meagre living conditions in P\u00f5hja-Tallinn taken in the 1920s and travel back in time to 90 years ago. What was life like in the basement flats? What troubled and delighted the residents of Kalamaja at the time?<br \/>\nThe tour starts in front of Kalamaja Museum, 16 Kotzebue Street.<br \/>\nThe tour is suitable for the whole family and lasts about an hour<\/p>\n<h2>Contact us<\/h2>\n<p><strong>If any of the listed excursions were not what you were looking for, we are ready for new challenges!<br \/>\nDo not hesitate to contact us:<\/strong><br \/>\n<a href=\"mailto:kalamaja@linnamuuseum.ee\">kalamaja@linnamuuseum.ee<\/a> or <strong>+372 5309 9772\u00a0<\/strong><\/p>\n<p>&nbsp;<\/p>\n","protected":false},"excerpt":{"rendered":"<p>KALAMAJA MUSEUM CLASSES AND GUIDED TOURS FOR SCHOOLS GUIDED TOURS OF KALAMAJA FOR KINDERGARTENS Book a fun tour of the museum or through the streets of Kalamaja for a group of children or adults to celebrate any special day! Booking: kalamaja@linnamuuseum.ee Phone: +372 5309 9772 Museum lessons are also offered outside of the museum&#8217;s regular [&hellip;]<\/p>\n","protected":false},"author":21,"featured_media":0,"parent":358,"menu_order":8,"comment_status":"closed","ping_status":"closed","template":"","meta":{"footnotes":""},"class_list":["post-58134","page","type-page","status-publish","hentry"],"_links":{"self":[{"href":"https:\/\/www.linnamuuseum.ee\/en\/wp-json\/wp\/v2\/pages\/58134"}],"collection":[{"href":"https:\/\/www.linnamuuseum.ee\/en\/wp-json\/wp\/v2\/pages"}],"about":[{"href":"https:\/\/www.linnamuuseum.ee\/en\/wp-json\/wp\/v2\/types\/page"}],"author":[{"embeddable":true,"href":"https:\/\/www.linnamuuseum.ee\/en\/wp-json\/wp\/v2\/users\/21"}],"replies":[{"embeddable":true,"href":"https:\/\/www.linnamuuseum.ee\/en\/wp-json\/wp\/v2\/comments?post=58134"}],"version-history":[{"count":5,"href":"https:\/\/www.linnamuuseum.ee\/en\/wp-json\/wp\/v2\/pages\/58134\/revisions"}],"predecessor-version":[{"id":102958,"href":"https:\/\/www.linnamuuseum.ee\/en\/wp-json\/wp\/v2\/pages\/58134\/revisions\/102958"}],"up":[{"embeddable":true,"href":"https:\/\/www.linnamuuseum.ee\/en\/wp-json\/wp\/v2\/pages\/358"}],"wp:attachment":[{"href":"https:\/\/www.linnamuuseum.ee\/en\/wp-json\/wp\/v2\/media?parent=58134"}],"curies":[{"name":"wp","href":"https:\/\/api.w.org\/{rel}","templated":true}]}}