{"id":4345,"date":"2017-03-06T11:40:00","date_gmt":"2017-03-06T09:40:00","guid":{"rendered":"http:\/\/linnamuuseum.ee\/en\/?page_id=4345"},"modified":"2023-04-18T16:37:57","modified_gmt":"2023-04-18T13:37:57","slug":"visitor-info","status":"publish","type":"page","link":"https:\/\/www.linnamuuseum.ee\/en\/gallery-seek\/visitor-info\/","title":{"rendered":"Visitor information of the gallery Seek"},"content":{"rendered":"<p><b>Exhibitions of photography<\/b><\/p>\n<h4><b>Contact:<\/b><\/h4>\n<p><b>Tel: +372 644 8767<\/b><\/p>\n<p><b>E-mail: <\/b><b>foto@linnamuuseum.ee<\/b><\/p>\n<h4><strong>Location<\/strong><\/h4>\n<p><span style=\"font-weight: 400;\">V\u00e4ike-P\u00e4\u00e4sukese 5 <\/span><span style=\"font-weight: 400;\"><br \/>\n<\/span><\/p>\n<p><a href=\"https:\/\/goo.gl\/maps\/NFLZSvicoKeVqmdu5\">Map<\/a><\/p>\n<p><a href=\"https:\/\/www.linnamuuseum.ee\/wp-content\/uploads\/2021\/05\/visuaal_Janani_Seegi_galerii_1200x800.jpg\"><img loading=\"lazy\" decoding=\"async\" class=\"alignleft size-medium wp-image-51473\" src=\"https:\/\/www.linnamuuseum.ee\/wp-content\/uploads\/2021\/05\/visuaal_Janani_Seegi_galerii_1200x800-400x267.jpg\" alt=\"\" width=\"400\" height=\"267\" srcset=\"https:\/\/www.linnamuuseum.ee\/wp-content\/uploads\/2021\/05\/visuaal_Janani_Seegi_galerii_1200x800-400x267.jpg 400w, https:\/\/www.linnamuuseum.ee\/wp-content\/uploads\/2021\/05\/visuaal_Janani_Seegi_galerii_1200x800-768x512.jpg 768w, https:\/\/www.linnamuuseum.ee\/wp-content\/uploads\/2021\/05\/visuaal_Janani_Seegi_galerii_1200x800-870x580.jpg 870w, https:\/\/www.linnamuuseum.ee\/wp-content\/uploads\/2021\/05\/visuaal_Janani_Seegi_galerii_1200x800.jpg 1200w\" sizes=\"(max-width: 400px) 100vw, 400px\" \/><\/a><\/p>\n<p>&nbsp;<\/p>\n<ul class=\"row oi-gallery oi-gallery-1\" >\n<li class=\"col-xs-6 col-sm-4 col-md-3\">\n                        <a href=\"https:\/\/www.linnamuuseum.ee\/wp-content\/uploads\/2021\/11\/MK_4118-870x569.jpg\" class=\"gallery-thumb__url\" data-mh=\"gallery\">\n                            <span class=\"gallery-thumb__image card-img-top\"><img loading=\"lazy\" decoding=\"async\" src=\"https:\/\/www.linnamuuseum.ee\/wp-content\/uploads\/2021\/11\/MK_4118-250x250.jpg\" alt=\"_MK_4118\" width=\"250\" height=\"250\" \/><\/span>\n                            \n                        <\/a>\n                    <\/li>\n<li class=\"col-xs-6 col-sm-4 col-md-3\">\n                        <a href=\"https:\/\/www.linnamuuseum.ee\/wp-content\/uploads\/2021\/11\/MK_4763-870x558.jpg\" class=\"gallery-thumb__url\" data-mh=\"gallery\">\n                            <span class=\"gallery-thumb__image card-img-top\"><img loading=\"lazy\" decoding=\"async\" src=\"https:\/\/www.linnamuuseum.ee\/wp-content\/uploads\/2021\/11\/MK_4763-250x250.jpg\" alt=\"_MK_4763\" width=\"250\" height=\"250\" \/><\/span>\n                            \n                        <\/a>\n                    <\/li>\n<li class=\"col-xs-6 col-sm-4 col-md-3\">\n                        <a href=\"https:\/\/www.linnamuuseum.ee\/wp-content\/uploads\/2021\/11\/MK_4733-870x593.jpg\" class=\"gallery-thumb__url\" data-mh=\"gallery\">\n                            <span class=\"gallery-thumb__image card-img-top\"><img loading=\"lazy\" decoding=\"async\" src=\"https:\/\/www.linnamuuseum.ee\/wp-content\/uploads\/2021\/11\/MK_4733-250x250.jpg\" alt=\"_MK_4733\" width=\"250\" height=\"250\" \/><\/span>\n                            \n                        <\/a>\n                    <\/li>\n<li class=\"col-xs-6 col-sm-4 col-md-3\">\n                        <a href=\"https:\/\/www.linnamuuseum.ee\/wp-content\/uploads\/2021\/11\/MK_4708-870x588.jpg\" class=\"gallery-thumb__url\" data-mh=\"gallery\">\n                            <span class=\"gallery-thumb__image card-img-top\"><img loading=\"lazy\" decoding=\"async\" src=\"https:\/\/www.linnamuuseum.ee\/wp-content\/uploads\/2021\/11\/MK_4708-250x250.jpg\" alt=\"_MK_4708\" width=\"250\" height=\"250\" \/><\/span>\n                            \n                        <\/a>\n                    <\/li>\n<li class=\"col-xs-6 col-sm-4 col-md-3\">\n                        <a href=\"https:\/\/www.linnamuuseum.ee\/wp-content\/uploads\/2021\/11\/MK_4797-870x585.jpg\" class=\"gallery-thumb__url\" data-mh=\"gallery\">\n                            <span class=\"gallery-thumb__image card-img-top\"><img loading=\"lazy\" decoding=\"async\" src=\"https:\/\/www.linnamuuseum.ee\/wp-content\/uploads\/2021\/11\/MK_4797-250x250.jpg\" alt=\"_MK_4797\" width=\"250\" height=\"250\" \/><\/span>\n                            \n                        <\/a>\n                    <\/li>\n<li class=\"col-xs-6 col-sm-4 col-md-3\">\n                        <a href=\"https:\/\/www.linnamuuseum.ee\/wp-content\/uploads\/2021\/11\/MK_4799-870x580.jpg\" class=\"gallery-thumb__url\" data-mh=\"gallery\">\n                            <span class=\"gallery-thumb__image card-img-top\"><img loading=\"lazy\" decoding=\"async\" src=\"https:\/\/www.linnamuuseum.ee\/wp-content\/uploads\/2021\/11\/MK_4799-250x250.jpg\" alt=\"_MK_4799\" width=\"250\" height=\"250\" \/><\/span>\n                            \n                        <\/a>\n                    <\/li>\n<li class=\"col-xs-6 col-sm-4 col-md-3\">\n                        <a href=\"https:\/\/www.linnamuuseum.ee\/wp-content\/uploads\/2021\/11\/MK_4930-870x588.jpg\" class=\"gallery-thumb__url\" data-mh=\"gallery\">\n                            <span class=\"gallery-thumb__image card-img-top\"><img loading=\"lazy\" decoding=\"async\" src=\"https:\/\/www.linnamuuseum.ee\/wp-content\/uploads\/2021\/11\/MK_4930-250x250.jpg\" alt=\"_MK_4930\" width=\"250\" height=\"250\" \/><\/span>\n                            \n                        <\/a>\n                    <\/li>\n<li class=\"col-xs-6 col-sm-4 col-md-3\">\n                        <a href=\"https:\/\/www.linnamuuseum.ee\/wp-content\/uploads\/2021\/11\/MK_4772-870x591.jpg\" class=\"gallery-thumb__url\" data-mh=\"gallery\">\n                            <span class=\"gallery-thumb__image card-img-top\"><img loading=\"lazy\" decoding=\"async\" src=\"https:\/\/www.linnamuuseum.ee\/wp-content\/uploads\/2021\/11\/MK_4772-250x250.jpg\" alt=\"_MK_4772\" width=\"250\" height=\"250\" \/><\/span>\n                            \n                        <\/a>\n                    <\/li>\n<\/ul>\n<p>&nbsp;<\/p>\n<p>&nbsp;<\/p>\n<p>&nbsp;<\/p>\n<h4><\/h4>\n","protected":false},"excerpt":{"rendered":"<p>Exhibitions of photography Contact: Tel: +372 644 8767 E-mail: foto@linnamuuseum.ee Location V\u00e4ike-P\u00e4\u00e4sukese 5 Map &nbsp; &nbsp; &nbsp; &nbsp;<\/p>\n","protected":false},"author":21,"featured_media":0,"parent":56882,"menu_order":3,"comment_status":"closed","ping_status":"closed","template":"","meta":{"footnotes":""},"class_list":["post-4345","page","type-page","status-publish","hentry"],"_links":{"self":[{"href":"https:\/\/www.linnamuuseum.ee\/en\/wp-json\/wp\/v2\/pages\/4345"}],"collection":[{"href":"https:\/\/www.linnamuuseum.ee\/en\/wp-json\/wp\/v2\/pages"}],"about":[{"href":"https:\/\/www.linnamuuseum.ee\/en\/wp-json\/wp\/v2\/types\/page"}],"author":[{"embeddable":true,"href":"https:\/\/www.linnamuuseum.ee\/en\/wp-json\/wp\/v2\/users\/21"}],"replies":[{"embeddable":true,"href":"https:\/\/www.linnamuuseum.ee\/en\/wp-json\/wp\/v2\/comments?post=4345"}],"version-history":[{"count":5,"href":"https:\/\/www.linnamuuseum.ee\/en\/wp-json\/wp\/v2\/pages\/4345\/revisions"}],"predecessor-version":[{"id":75339,"href":"https:\/\/www.linnamuuseum.ee\/en\/wp-json\/wp\/v2\/pages\/4345\/revisions\/75339"}],"up":[{"embeddable":true,"href":"https:\/\/www.linnamuuseum.ee\/en\/wp-json\/wp\/v2\/pages\/56882"}],"wp:attachment":[{"href":"https:\/\/www.linnamuuseum.ee\/en\/wp-json\/wp\/v2\/media?parent=4345"}],"curies":[{"name":"wp","href":"https:\/\/api.w.org\/{rel}","templated":true}]}}