{"id":3988,"date":"2017-02-26T11:27:47","date_gmt":"2017-02-26T09:27:47","guid":{"rendered":"http:\/\/linnamuuseum.ee\/en\/?page_id=3988"},"modified":"2017-02-26T11:27:47","modified_gmt":"2017-02-26T09:27:47","slug":"rent-rooms","status":"publish","type":"page","link":"https:\/\/www.linnamuuseum.ee\/en\/kiek-in-de-kok\/rent-rooms\/","title":{"rendered":"Rent rooms"},"content":{"rendered":"<p><strong>Kiek in de K\u00f6ki suurt\u00fckitorni esimesel, teisel ja kuuendal korrusel saab\u00a0korraldada koosolekuid, seminare, koolitusi, loenguid jm koosviibimisi. Olenevalt korrusest mahutavad ruumid 40\u201365 inimest.<\/strong><\/p>\n<p>Vajadusel saab kasutada konverentsitehnikat (projektor, ekraan, heliv\u00f5imenduss\u00fcsteem, \u00a0pabertahvel).<br \/>\nSoovi korral v\u00f5ib kasutada torni kuuendal korrusel asuva kohviku teenuseid v\u00f5i korraldada toitlustamine k\u00f5rvalasuvas Neitsitornus.<\/p>\n<p><strong>Info ja hinnapakkumised<\/strong> tel. 645 9626 v\u00f5i\u00a0 <a href=\"mailto:toomas.abiline@linnamuuseum.ee\">toomas.abiline@linnamuuseum.ee<\/a><\/p>\n<p>&nbsp;<\/p>\n<p><img loading=\"lazy\" decoding=\"async\" class=\"alignnone size-medium wp-image-3364\" src=\"\/\/linnamuuseum.ee\/wp-content\/uploads\/2017\/02\/1korrus-300x200.jpg\" alt=\"1korrus\" width=\"300\" height=\"200\" srcset=\"https:\/\/www.linnamuuseum.ee\/wp-content\/uploads\/2017\/02\/1korrus-300x200.jpg 300w, https:\/\/www.linnamuuseum.ee\/wp-content\/uploads\/2017\/02\/1korrus-768x512.jpg 768w, https:\/\/www.linnamuuseum.ee\/wp-content\/uploads\/2017\/02\/1korrus-1024x683.jpg 1024w, https:\/\/www.linnamuuseum.ee\/wp-content\/uploads\/2017\/02\/1korrus.jpg 1500w\" sizes=\"(max-width: 300px) 100vw, 300px\" \/><\/p>\n<p>I KORRUS<\/p>\n<p>&nbsp;<\/p>\n<p><img loading=\"lazy\" decoding=\"async\" class=\"alignnone size-medium wp-image-3365\" src=\"\/\/linnamuuseum.ee\/wp-content\/uploads\/2017\/02\/2korrus-300x235.jpg\" alt=\"2korrus\" width=\"300\" height=\"235\" \/><\/p>\n<p>II KORRUS<\/p>\n<p>&nbsp;<\/p>\n<p><img loading=\"lazy\" decoding=\"async\" class=\"alignnone size-medium wp-image-3366\" src=\"\/\/linnamuuseum.ee\/wp-content\/uploads\/2017\/02\/3korrus-300x205.jpg\" alt=\"3korrus\" width=\"300\" height=\"205\" \/><\/p>\n<p>VI KORRUS<\/p>\n<p>&nbsp;<\/p>\n","protected":false},"excerpt":{"rendered":"<p>Kiek in de K\u00f6ki suurt\u00fckitorni esimesel, teisel ja kuuendal korrusel saab\u00a0korraldada koosolekuid, seminare, koolitusi, loenguid jm koosviibimisi. Olenevalt korrusest mahutavad ruumid 40\u201365 inimest. Vajadusel saab kasutada konverentsitehnikat (projektor, ekraan, heliv\u00f5imenduss\u00fcsteem, \u00a0pabertahvel). Soovi korral v\u00f5ib kasutada torni kuuendal korrusel asuva kohviku teenuseid v\u00f5i korraldada toitlustamine k\u00f5rvalasuvas Neitsitornus. Info ja hinnapakkumised tel. 645 9626 v\u00f5i\u00a0 toomas.abiline@linnamuuseum.ee &nbsp; [&hellip;]<\/p>\n","protected":false},"author":2,"featured_media":0,"parent":360,"menu_order":12,"comment_status":"closed","ping_status":"closed","template":"","meta":{"footnotes":""},"class_list":["post-3988","page","type-page","status-publish","hentry"],"_links":{"self":[{"href":"https:\/\/www.linnamuuseum.ee\/en\/wp-json\/wp\/v2\/pages\/3988"}],"collection":[{"href":"https:\/\/www.linnamuuseum.ee\/en\/wp-json\/wp\/v2\/pages"}],"about":[{"href":"https:\/\/www.linnamuuseum.ee\/en\/wp-json\/wp\/v2\/types\/page"}],"author":[{"embeddable":true,"href":"https:\/\/www.linnamuuseum.ee\/en\/wp-json\/wp\/v2\/users\/2"}],"replies":[{"embeddable":true,"href":"https:\/\/www.linnamuuseum.ee\/en\/wp-json\/wp\/v2\/comments?post=3988"}],"version-history":[{"count":1,"href":"https:\/\/www.linnamuuseum.ee\/en\/wp-json\/wp\/v2\/pages\/3988\/revisions"}],"predecessor-version":[{"id":3989,"href":"https:\/\/www.linnamuuseum.ee\/en\/wp-json\/wp\/v2\/pages\/3988\/revisions\/3989"}],"up":[{"embeddable":true,"href":"https:\/\/www.linnamuuseum.ee\/en\/wp-json\/wp\/v2\/pages\/360"}],"wp:attachment":[{"href":"https:\/\/www.linnamuuseum.ee\/en\/wp-json\/wp\/v2\/media?parent=3988"}],"curies":[{"name":"wp","href":"https:\/\/api.w.org\/{rel}","templated":true}]}}